{"id":878,"date":"2018-11-28T22:25:13","date_gmt":"2018-11-28T21:25:13","guid":{"rendered":"http:\/\/www.waldkindergarten-beimerstetten.de\/?page_id=878"},"modified":"2022-10-28T08:50:11","modified_gmt":"2022-10-28T06:50:11","slug":"datenschutzerklaerung","status":"publish","type":"page","link":"https:\/\/www.waldkindergarten-beimerstetten.de\/?page_id=878","title":{"rendered":"Datenschutzerkl\u00e4rung"},"content":{"rendered":"<p><strong>Geltungsbereich<\/strong><\/p> <p>Diese Datenschutzerkl\u00e4rung soll die Nutzer dieser Website gem\u00e4\u00df Bundesdatenschutzgesetz und Telemediengesetz \u00fcber die Art, den Umfang und den Zweck der Erhebung und Verwendung personenbezogener Daten durch den Websitebetreiber<\/p> <p><strong>Markus Olbrich<\/strong><\/p> <p>Dornstadter Str. 2<br \/> 89179 Beimerstetten<\/p> <p>info(at)waldkindergarten-beimerstetten.de<\/p> <p>informieren.<\/p> <p>Der Websitebetreiber nimmt Ihren Datenschutz sehr ernst und behandelt Ihre personenbezogenen Daten vertraulich und entsprechend der gesetzlichen Vorschriften.<\/p> <p>Bedenken Sie, dass die Daten\u00fcbertragung im Internet grunds\u00e4tzlich mit Sicherheitsl\u00fccken bedacht sein kann. Ein vollumf\u00e4nglicher Schutz vor dem Zugriff durch Fremde ist nicht realisierbar.<\/p> <p>Definitionen der verwendeten Begriffe (z.B. \u201cpersonenbezogene Daten\u201d oder \u201cVerarbeitung\u201d) finden Sie in Art. 4 DSGVO.<\/p> <p><strong>Zugriffsdaten<\/strong><\/p> <p>Wir, der Websitebetreiber bzw. Seitenprovider, erheben aufgrund unseres berechtigten Interesses (s. Art. 6 Abs. 1 lit. f. DSGVO) Daten \u00fcber Zugriffe auf die Website und speichern diese als \u201cServer-Logfiles\u201d auf dem Server der Website ab. Folgende Daten werden so protokolliert:<\/p> <ul> <li>Besuchte Website<\/li> <li>Uhrzeit zum Zeitpunkt des Zugriffes<\/li> <li>Menge der gesendeten Daten in Byte<\/li> <li>Quelle\/Verweis, von welchem Sie auf die Seite gelangten<\/li> <li>Verwendeter Browser<\/li> <li>Verwendetes Betriebssystem<\/li> <li>Verwendete IP-Adresse<\/li> <\/ul> <p>Die erhobenen Daten dienen lediglich statistischen Auswertungen und zur Verbesserung der Website. Der Websitebetreiber beh\u00e4lt sich allerdings vor, die Server-Logfiles nachtr\u00e4glich zu \u00fcberpr\u00fcfen, sollten konkrete Anhaltspunkte auf eine rechtswidrige Nutzung hinweisen.<\/p> <p><strong>Cookies<\/strong><\/p> <p>Diese Website verwendet Cookies zur pseudonymisierten Reichweitenmessung, die entweder von unserem Server oder dem Server Dritter an den Browser des Nutzers \u00fcbertragen werden. Bei Cookies handelt es sich um kleine Dateien, welche auf Ihrem Endger\u00e4t gespeichert werden. Ihr Browser greift auf diese Dateien zu. Durch den Einsatz von Cookies erh\u00f6ht sich die Benutzerfreundlichkeit und Sicherheit dieser Website.<\/p> <p>Falls Sie nicht m\u00f6chten, dass Cookies zur Reichweitenmessung auf Ihrem Endger\u00e4t gespeichert werden, k\u00f6nnen Sie dem Einsatz dieser Dateien hier widersprechen:<\/p> <ul> <li>Cookie-Deaktivierungsseite der Netzwerkwerbeinitiative:\u00a0<a href=\"http:\/\/optout.networkadvertising.org\/?c=1#!\/\" target=\"_blank\" rel=\"noopener\">http:\/\/optout.networkadvertising.org\/?c=1#!\/<\/a><\/li> <li>Cookie-Deaktivierungsseite der US-amerikanischen Website:\u00a0<a href=\"http:\/\/optout.aboutads.info\/?c=2#!\/\" target=\"_blank\" rel=\"noopener\">http:\/\/optout.aboutads.info\/?c=2#!\/<\/a><\/li> <li>Cookie-Deaktivierungsseite der europ\u00e4ischen Website:\u00a0<a href=\"http:\/\/optout.networkadvertising.org\/?c=1#!\/\" target=\"_blank\" rel=\"noopener\">http:\/\/optout.networkadvertising.org\/?c=1#!\/<\/a><\/li> <\/ul> <p>G\u00e4ngige Browser bieten die Einstellungsoption, Cookies nicht zuzulassen.<\/p> <p><strong>Umgang mit personenbezogenen Daten<\/strong><\/p> <p>Der Websitebetreiber erhebt, nutzt und gibt Ihre personenbezogenen Daten nur dann weiter, wenn dies im gesetzlichen Rahmen erlaubt ist oder Sie in die Datenerhebung einwilligen.<\/p> <p>Als personenbezogene Daten gelten s\u00e4mtliche Informationen, welche dazu dienen, Ihre Person zu bestimmen und welche zu Ihnen zur\u00fcckverfolgt werden k\u00f6nnen \u2013 also beispielsweise Ihr Name, Ihre E-Mail-Adresse und Telefonnummer.<\/p> <p><strong>Umgang mit Kontaktdaten<\/strong><\/p> <p>Nehmen Sie mit dem Websitebetreiber durch die angebotenen Kontaktm\u00f6glichkeiten Verbindung auf, werden Ihre Angaben gespeichert, damit auf diese zur Bearbeitung und Beantwortung Ihrer Anfrage zur\u00fcckgegriffen werden kann.<\/p> <p>Wir verarbeiten personenbezogene Daten wie Vorname, Nachname, IP-Adresse, E-Mail-Adresse, Wohnort, Postleitzahl und Inhaltsangaben aus ihrer Email an uns.<\/p> <p>Wir verarbeiten personenbezogene Daten nur nach ausdr\u00fccklicher Erlaubnis der betreffenden Nutzer und unter Einhaltung der geltenden Datenschutzbestimmungen.<\/p> <p>Die Verarbeitung der personenbezogenen Daten erfolgt aufgrund unseres berechtigten Interesses zur Erf\u00fcllung unserer vertraglich vereinbarten Leistungen.<\/p> <p>Ohne Ihre Einwilligung werden diese Daten nicht an Dritte weitergegeben.<\/p> <p><strong>Rechte des Nutzers: Auskunft, Berichtigung und L\u00f6schung<\/strong><\/p> <p>Sie als Nutzer erhalten auf Antrag Ihrerseits kostenlose Auskunft dar\u00fcber, welche personenbezogenen Daten \u00fcber Sie gespeichert wurden. Sofern Ihr Wunsch nicht mit einer gesetzlichen Pflicht zur Aufbewahrung von Daten (z. B. Vorratsdatenspeicherung) kollidiert, haben Sie ein Anrecht auf Berichtigung falscher Daten und auf die Sperrung oder L\u00f6schung Ihrer personenbezogenen Daten.<\/p> <p><strong>Widersspruchrecht<\/strong><\/p> <p>Nutzer dieser Webseite k\u00f6nnen von ihrem Widerspruchsrecht Gebrauch machen und der Verarbeitung ihrer personenbezogenen Daten zu jeder Zeit widersprechen.<\/p> <p>Wenn Sie eine Berichtigung, Sperrung, L\u00f6schung oder Auskunft \u00fcber die zu Ihrer Person gespeicherten personenbezogenen Daten w\u00fcnschen oder Fragen bzgl. der Erhebung, Verarbeitung oder Verwendung Ihrer personenbezogenen Daten haben oder erteilte Einwilligungen widerrufen m\u00f6chten, wenden Sie sich bitte an folgende E-Mail-Adresse: info(at)waldkindergarten-beimerstetten.de<\/p> <p><strong><span data-scayt_word=\"Rechtshinweis\" data-scaytid=\"8\">Rechtshinweis<\/span>:<\/strong><\/p> <p><span data-scayt_word=\"Alle\" data-scaytid=\"9\">Alle<\/span> in <span data-scayt_word=\"unseren\" data-scaytid=\"10\">unseren<\/span> <span data-scayt_word=\"Internetseiten\" data-scaytid=\"11\">Internetseiten<\/span> <span data-scayt_word=\"enthaltenen\" data-scaytid=\"12\">enthaltenen<\/span> <span data-scayt_word=\"Angaben\" data-scaytid=\"13\">Angaben<\/span> und <span data-scayt_word=\"Informationen\" data-scaytid=\"14\">Informationen<\/span> <span data-scayt_word=\"wurden\" data-scaytid=\"15\">wurden<\/span> von <span data-scayt_word=\"uns\" data-scaytid=\"16\">uns<\/span> <span data-scayt_word=\"sorgf\u00e4ltig\" data-scaytid=\"17\">sorgf\u00e4ltig<\/span> <span data-scayt_word=\"recherchiert\" data-scaytid=\"18\">recherchiert<\/span> und <span data-scayt_word=\"gepr\u00fcft\" data-scaytid=\"19\">gepr\u00fcft<\/span>. <span data-scayt_word=\"F\u00fcr\" data-scaytid=\"20\">F\u00fcr<\/span> <span data-scayt_word=\"Richtigkeit\" data-scaytid=\"21\">Richtigkeit<\/span>, <span data-scayt_word=\"Vollst\u00e4ndigkeit\" data-scaytid=\"22\">Vollst\u00e4ndigkeit<\/span> und <span data-scayt_word=\"Aktualit\u00e4t\" data-scaytid=\"23\">Aktualit\u00e4t<\/span> <span data-scayt_word=\"\u00fcbernehmen\" data-scaytid=\"24\">\u00fcbernehmen<\/span> <span data-scayt_word=\"wir\" data-scaytid=\"25\">wir<\/span> <span data-scayt_word=\"keine\" data-scaytid=\"26\">keine<\/span> <span data-scayt_word=\"Haftung\" data-scaytid=\"27\">Haftung<\/span>.<\/p> <p><span data-scayt_word=\"Alle\" data-scaytid=\"32\">Alle<\/span> <span data-scayt_word=\"Informationen\" data-scaytid=\"33\">Informationen<\/span> <span data-scayt_word=\"dienen\" data-scaytid=\"39\">dienen<\/span> <span data-scayt_word=\"ausschlie\u00dflich\" data-scaytid=\"40\">ausschlie\u00dflich<\/span> <span data-scayt_word=\"zur\" data-scaytid=\"41\">zur<\/span> Information <span data-scayt_word=\"der\" data-scaytid=\"42\">der<\/span> <span data-scayt_word=\"Besucher\" data-scaytid=\"43\">Besucher<\/span> <span data-scayt_word=\"unserer\" data-scaytid=\"44\">unserer<\/span> Website. <span data-scayt_word=\"Im\" data-scaytid=\"45\">Im<\/span> <span data-scayt_word=\"\u00dcbrigen\" data-scaytid=\"46\">\u00dcbrigen<\/span> <span data-scayt_word=\"ist\" data-scaytid=\"47\">ist<\/span> die <span data-scayt_word=\"Haftung\" data-scaytid=\"34\">Haftung<\/span> <span data-scayt_word=\"auf\" data-scaytid=\"49\">auf<\/span> <span data-scayt_word=\"Vorsatz\" data-scaytid=\"51\">Vorsatz<\/span> und <span data-scayt_word=\"grobe\" data-scaytid=\"52\">grobe<\/span> <span data-scayt_word=\"Fahrl\u00e4ssigkeit\" data-scaytid=\"53\">Fahrl\u00e4ssigkeit<\/span> <span data-scayt_word=\"beschr\u00e4nkt\" data-scaytid=\"54\">beschr\u00e4nkt<\/span>. <span data-scayt_word=\"F\u00fcr\" data-scaytid=\"35\">F\u00fcr<\/span> <span data-scayt_word=\"Internetseiten\" data-scaytid=\"36\">Internetseiten<\/span> <span data-scayt_word=\"Dritter\" data-scaytid=\"57\">Dritter<\/span>, <span data-scayt_word=\"auf\" data-scaytid=\"50\">auf<\/span> die <a href=\"http:\/\/www.waldkindergarten-beimerstetten.de\">www.waldkindergarten-beimerstetten.de<\/a> <span data-scayt_word=\"durch\" data-scaytid=\"62\">durch<\/span> Hyperlink <span data-scayt_word=\"verweist\" data-scaytid=\"63\">verweist<\/span>, <span data-scayt_word=\"tragen\" data-scaytid=\"64\">tragen<\/span> die <span data-scayt_word=\"jeweiligen\" data-scaytid=\"65\">jeweiligen<\/span> <span data-scayt_word=\"Anbieter\" data-scaytid=\"66\">Anbieter<\/span> die <span data-scayt_word=\"Verantwortung\" data-scaytid=\"67\">Verantwortung<\/span>. Der <span data-scayt_word=\"Waldau\" data-scaytid=\"109\">Waldkindergarten Beimerstetten<\/span> <span data-scayt_word=\"ist\" data-scaytid=\"60\">ist<\/span> <span data-scayt_word=\"f\u00fcr\" data-scaytid=\"71\">f\u00fcr<\/span> den <span data-scayt_word=\"Inhalt\" data-scaytid=\"72\">Inhalt<\/span> <span data-scayt_word=\"solcher\" data-scaytid=\"73\">solcher<\/span> <span data-scayt_word=\"Seiten\" data-scaytid=\"74\">Seiten<\/span> <span data-scayt_word=\"Dritter\" data-scaytid=\"61\">Dritter<\/span> <span data-scayt_word=\"nicht\" data-scaytid=\"76\">nicht<\/span> <span data-scayt_word=\"verantwortlich\" data-scaytid=\"77\">verantwortlich<\/span>.<\/p> <p><span data-scayt_word=\"Unsere\" data-scaytid=\"113\">Unsere<\/span> Website <span data-scayt_word=\"kann\" data-scaytid=\"114\">kann<\/span> <span data-scayt_word=\"ohne\" data-scaytid=\"115\">ohne<\/span> <span data-scayt_word=\"unser\" data-scaytid=\"116\">unser<\/span> <span data-scayt_word=\"Wissen\" data-scaytid=\"117\">Wissen<\/span> von <span data-scayt_word=\"einer\" data-scaytid=\"118\">einer<\/span> <span data-scayt_word=\"anderen\" data-scaytid=\"119\">anderen<\/span> <span data-scayt_word=\"Seite\" data-scaytid=\"120\">Seite<\/span> <span data-scayt_word=\"mittels\" data-scaytid=\"121\">mittels<\/span> Hyperlink <span data-scayt_word=\"angelinkt\" data-scaytid=\"122\">angelinkt<\/span> <span data-scayt_word=\"worden\" data-scaytid=\"123\">worden<\/span> <span data-scayt_word=\"sein\" data-scaytid=\"124\">sein<\/span>. <span data-scayt_word=\"Wir\" data-scaytid=\"125\">Wir<\/span> <span data-scayt_word=\"\u00fcbernehmen\" data-scaytid=\"86\">\u00fcbernehmen<\/span> <span data-scayt_word=\"keine\" data-scaytid=\"87\">keine<\/span> <span data-scayt_word=\"Verantwortung\" data-scaytid=\"88\">Verantwortung<\/span> <span data-scayt_word=\"f\u00fcr\" data-scaytid=\"89\">f\u00fcr<\/span> <span data-scayt_word=\"Darstellung\" data-scaytid=\"130\">Darstellung<\/span>, <span data-scayt_word=\"Inhalt\" data-scaytid=\"90\">Inhalt<\/span> <span data-scayt_word=\"oder\" data-scaytid=\"132\">oder<\/span> <span data-scayt_word=\"irgendeine\" data-scaytid=\"133\">irgendeine<\/span> <span data-scayt_word=\"Verbindung\" data-scaytid=\"134\">Verbindung<\/span> <span data-scayt_word=\"zum\" data-scaytid=\"135\">zum<\/span> <span data-scayt_word=\"Waldau\" data-scaytid=\"109\">Waldkindergarten Beimerstetten<\/span> in Websites <span data-scayt_word=\"Dritter\" data-scaytid=\"93\">Dritter<\/span>.<\/p> <p><span data-scayt_word=\"Au\u00dferdem\" data-scaytid=\"153\">Au\u00dferdem<\/span> <span data-scayt_word=\"beh\u00e4lt\" data-scaytid=\"154\">beh\u00e4lt<\/span> <span data-scayt_word=\"sich\" data-scaytid=\"155\">sich<\/span> <span data-scayt_word=\"das\" data-scaytid=\"156\">der Waldkindergarten Beimerstetten<\/span> <span data-scayt_word=\"das\" data-scaytid=\"157\">das<\/span> <span data-scayt_word=\"Recht\" data-scaytid=\"162\">Recht<\/span> <span data-scayt_word=\"vor\" data-scaytid=\"163\">vor<\/span>, <span data-scayt_word=\"\u00c4nderungen\" data-scaytid=\"164\">\u00c4nderungen<\/span> <span data-scayt_word=\"oder\" data-scaytid=\"143\">oder<\/span> <span data-scayt_word=\"Erg\u00e4nzungen\" data-scaytid=\"168\">Erg\u00e4nzungen<\/span> <span data-scayt_word=\"der\" data-scaytid=\"110\">der<\/span> <span data-scayt_word=\"bereitgestellten\" data-scaytid=\"171\">bereitgestellten<\/span> <span data-scayt_word=\"Informationen\" data-scaytid=\"112\">Informationen<\/span> <span data-scayt_word=\"vorzunehmen\" data-scaytid=\"173\">vorzunehmen<\/span>. Die <span data-scayt_word=\"Vervielf\u00e4ltigung\" data-scaytid=\"174\">Vervielf\u00e4ltigung<\/span> von <span data-scayt_word=\"Inhalten\" data-scaytid=\"175\">Inhalten<\/span> <span data-scayt_word=\"oder\" data-scaytid=\"144\">oder<\/span> <span data-scayt_word=\"Daten\" data-scaytid=\"176\">Daten<\/span>, <span data-scayt_word=\"insbesondere\" data-scaytid=\"177\">insbesondere<\/span> die <span data-scayt_word=\"Verwendung\" data-scaytid=\"178\">Verwendung<\/span> von <span data-scayt_word=\"Texten\" data-scaytid=\"179\">Texten<\/span>, <span data-scayt_word=\"Textteilen\" data-scaytid=\"180\">Textteilen<\/span> <span data-scayt_word=\"oder\" data-scaytid=\"145\">oder<\/span> <span data-scayt_word=\"Bildmaterial\" data-scaytid=\"181\">Bildmaterial<\/span> <span data-scayt_word=\"bedarf\" data-scaytid=\"182\">bedarf<\/span> <span data-scayt_word=\"der\" data-scaytid=\"111\">der<\/span> <span data-scayt_word=\"vorherigen\" data-scaytid=\"183\">vorherigen<\/span> <span data-scayt_word=\"schriftlichen\" data-scaytid=\"184\">schriftlichen<\/span> <span data-scayt_word=\"Zustimmung\" data-scaytid=\"185\">Zustimmung<\/span> <span data-scayt_word=\"vom\" data-scaytid=\"186\">vom<\/span> <span data-scayt_word=\"Waldau\" data-scaytid=\"109\">Waldkindergarten Beimerstetten<\/span>.<\/p> <p>Die auf dieser Webseite ver\u00f6ffentlichten Inhalte und Werke unterliegen dem deutschen Urheberrecht. Jede Vervielf\u00e4ltigung, Bearbeitung, Verbreitung und jede Art der Verwertung au\u00dferhalb der Grenzen des Urheberrechts bed\u00fcrfen der vorherigen schriftlichen Zustimmung des jeweiligen Urhebers bzw. Autors.<\/p> ","protected":false},"excerpt":{"rendered":"<p>Geltungsbereich Diese Datenschutzerkl\u00e4rung soll die Nutzer dieser Website gem\u00e4\u00df Bundesdatenschutzgesetz und Telemediengesetz \u00fcber die Art, den Umfang und den Zweck der Erhebung und Verwendung personenbezogener Daten durch den Websitebetreiber Markus Olbrich Dornstadter Str. 2 89179 Beimerstetten info(at)waldkindergarten-beimerstetten.de informieren. Der Websitebetreiber nimmt Ihren Datenschutz sehr ernst und behandelt Ihre personenbezogenen Daten vertraulich und entsprechend der gesetzlichen [&hellip;]<\/p>\n","protected":false},"author":1,"featured_media":0,"parent":0,"menu_order":0,"comment_status":"closed","ping_status":"closed","template":"","meta":{"ngg_post_thumbnail":0,"footnotes":""},"class_list":["post-878","page","type-page","status-publish","hentry"],"aioseo_notices":[],"_links":{"self":[{"href":"https:\/\/www.waldkindergarten-beimerstetten.de\/index.php?rest_route=\/wp\/v2\/pages\/878","targetHints":{"allow":["GET"]}}],"collection":[{"href":"https:\/\/www.waldkindergarten-beimerstetten.de\/index.php?rest_route=\/wp\/v2\/pages"}],"about":[{"href":"https:\/\/www.waldkindergarten-beimerstetten.de\/index.php?rest_route=\/wp\/v2\/types\/page"}],"author":[{"embeddable":true,"href":"https:\/\/www.waldkindergarten-beimerstetten.de\/index.php?rest_route=\/wp\/v2\/users\/1"}],"replies":[{"embeddable":true,"href":"https:\/\/www.waldkindergarten-beimerstetten.de\/index.php?rest_route=%2Fwp%2Fv2%2Fcomments&post=878"}],"version-history":[{"count":4,"href":"https:\/\/www.waldkindergarten-beimerstetten.de\/index.php?rest_route=\/wp\/v2\/pages\/878\/revisions"}],"predecessor-version":[{"id":935,"href":"https:\/\/www.waldkindergarten-beimerstetten.de\/index.php?rest_route=\/wp\/v2\/pages\/878\/revisions\/935"}],"wp:attachment":[{"href":"https:\/\/www.waldkindergarten-beimerstetten.de\/index.php?rest_route=%2Fwp%2Fv2%2Fmedia&parent=878"}],"curies":[{"name":"wp","href":"https:\/\/api.w.org\/{rel}","templated":true}]}}