{"id":76,"date":"2013-03-09T20:32:08","date_gmt":"2013-03-09T18:32:08","guid":{"rendered":"http:\/\/www.waldkindergarten-beimerstetten.de\/wordpress\/?page_id=76"},"modified":"2025-11-19T20:44:26","modified_gmt":"2025-11-19T19:44:26","slug":"ueber-uns","status":"publish","type":"page","link":"https:\/\/www.waldkindergarten-beimerstetten.de\/?page_id=76","title":{"rendered":"\u00dcber uns"},"content":{"rendered":" <figure class=\"wp-block-image size-full is-resized\"><img loading=\"lazy\" decoding=\"async\" width=\"500\" height=\"500\" src=\"https:\/\/www.waldkindergarten-beimerstetten.de\/wp-content\/uploads\/logo.jpeg\" alt=\"\" class=\"wp-image-1560\" style=\"width:124px;height:auto\" srcset=\"https:\/\/www.waldkindergarten-beimerstetten.de\/wp-content\/uploads\/logo.jpeg 500w, https:\/\/www.waldkindergarten-beimerstetten.de\/wp-content\/uploads\/logo-300x300.jpeg 300w, https:\/\/www.waldkindergarten-beimerstetten.de\/wp-content\/uploads\/logo-150x150.jpeg 150w\" sizes=\"auto, (max-width: 500px) 100vw, 500px\" \/><\/figure>   <h2>Wer sind wir?<\/h2> <p>Wir sind eine Elterninitiative bestehend aus engagierten und motivierten Familien. In unserem eingruppigen Kindergarten haben bis zu 20 Kinder (ab 2,9 Jahren bis zum Schuleintritt) Platz.<\/p> <p><strong>Die Natur erleben und t\u00e4glich auf kleine Abenteuerreisen gehen<\/strong> \u2013 der Waldkindergarten &#8222;Buntspechte&#8220; in Beimerstetten bietet Ihren Kindern die M\u00f6glichkeit, die Natur in all ihrer Einzigartigkeit und Sch\u00f6nheit kennenzulernen.<\/p> <p><strong>Im Waldkindergarten ist kein Tag wie der andere.<br><\/strong>Bei uns k\u00f6nnen Kinder die Vielfalt der Natur entdecken und ihre eigenen Grenzen erproben, dabei erkunden Sie die Umwelt und erleben kleine und gro\u00dfe Abenteuer in der Gruppe.<\/p> <p><strong>Dabei sind die Kinder an der frischen Luft.<\/strong><br>Keine T\u00fcren, keine W\u00e4nde, kein L\u00e4rm, keine Reiz\u00fcberflutung \u2013 in der freien Natur finden Kinder alles, um ihre ganzheitliche Entwicklung zu f\u00f6rdern. Bei schlechtem Wetter steht uns ein warmer Bauwagen zur Verf\u00fcgung.<\/p> <p><strong>Spielend lernen im Wald und die N\u00e4he zur Natur erleben.<\/strong><br>Wir verbringen das ganze Jahr mit den Kindern im Gr\u00fcnen. Die Erfahrungen dabei sind unvergesslich \u2013 sowohl f\u00fcr die Kinder als auch f\u00fcr uns Erzieherinnen. Jeden Tag kommt etwas Neues hinzu.<\/p> <p><strong>Begreifen mit der Natur<\/strong><br>Wir wandern, werken, forschen, spielen und machen regelm\u00e4\u00dfig&nbsp; Exkursionen zum Bauernhof, ins Theater und vieles mehr.<\/p> <p><strong>In unserer kleinen Gruppe kommen die Kinder ganz gro\u00df raus: einander zuh\u00f6ren, helfen und auch miteinander streiten. Alles findet hier seinen Platz.<\/strong><\/p> <h2>Das Waldteam:<\/h2> <p>Im Waldkindergarten begleiten mehrere ausgebildete Erzieher\/innen die Gruppe, so dass eine intensive p\u00e4dagogische Betreuung m\u00f6glich ist. Zudem stehen uns mehrmals im Jahr Erzieherpraktikanten zur Seite.<\/p> <hr> <p><strong>Unser Team (v.l.n.r):<\/strong><\/p> <p><img loading=\"lazy\" decoding=\"async\" class=\"wp-image-978 alignright\" src=\"http:\/\/www.waldkindergarten-beimerstetten.de\/wp-content\/uploads\/2023\/04\/Team2-scaled.jpg\" alt=\"\" width=\"371\" height=\"247\" srcset=\"https:\/\/www.waldkindergarten-beimerstetten.de\/wp-content\/uploads\/2023\/04\/Team2-scaled.jpg 2560w, https:\/\/www.waldkindergarten-beimerstetten.de\/wp-content\/uploads\/2023\/04\/Team2-300x200.jpg 300w, https:\/\/www.waldkindergarten-beimerstetten.de\/wp-content\/uploads\/2023\/04\/Team2-1024x683.jpg 1024w, https:\/\/www.waldkindergarten-beimerstetten.de\/wp-content\/uploads\/2023\/04\/Team2-768x512.jpg 768w, https:\/\/www.waldkindergarten-beimerstetten.de\/wp-content\/uploads\/2023\/04\/Team2-1536x1024.jpg 1536w, https:\/\/www.waldkindergarten-beimerstetten.de\/wp-content\/uploads\/2023\/04\/Team2-2048x1365.jpg 2048w\" sizes=\"auto, (max-width: 371px) 100vw, 371px\" \/><\/p> <p><strong>Ulrike Zick<\/strong><br>Sozial- und Waldp\u00e4dagogin, Klangmasseurin, zwei Kinder<\/p> <p><strong>Tanja Schwarz<br><\/strong>Ergotherapeutin, p\u00e4dagogische Fachausbildung, ein Kind<\/p> <p><strong>Carmen Schmid<\/strong><br>Erzieherin, vier Kinder<\/p> <p><strong>Ilona Kabitz<br><\/strong>Aushilfe<\/p> <p><strong>Silke B\u00fchler<br><\/strong>Aushilfe<\/p> <p>Und ein weiterer p\u00e4dagogischer Begleiter, der in seine Wirkung nicht zu untersch\u00e4tzen ist: <strong>die Natur.<\/strong><\/p> <hr> <p><strong>\u00d6ffnungszeiten:<\/strong><br>Montag &#8211; Freitag, 7:30 Uhr &#8211; 13:30 Uhr<\/p>","protected":false},"excerpt":{"rendered":"<p>Wer sind wir? Wir sind eine Elterninitiative bestehend aus engagierten und motivierten Familien. In unserem eingruppigen Kindergarten haben bis zu 20 Kinder (ab 2,9 Jahren bis zum Schuleintritt) Platz. Die Natur erleben und t\u00e4glich auf kleine Abenteuerreisen gehen \u2013 der Waldkindergarten &#8222;Buntspechte&#8220; in Beimerstetten bietet Ihren Kindern die M\u00f6glichkeit, die Natur in all ihrer Einzigartigkeit [&hellip;]<\/p>\n","protected":false},"author":1,"featured_media":0,"parent":0,"menu_order":150,"comment_status":"closed","ping_status":"open","template":"","meta":{"ngg_post_thumbnail":0,"footnotes":""},"class_list":["post-76","page","type-page","status-publish","hentry"],"aioseo_notices":[],"_links":{"self":[{"href":"https:\/\/www.waldkindergarten-beimerstetten.de\/index.php?rest_route=\/wp\/v2\/pages\/76","targetHints":{"allow":["GET"]}}],"collection":[{"href":"https:\/\/www.waldkindergarten-beimerstetten.de\/index.php?rest_route=\/wp\/v2\/pages"}],"about":[{"href":"https:\/\/www.waldkindergarten-beimerstetten.de\/index.php?rest_route=\/wp\/v2\/types\/page"}],"author":[{"embeddable":true,"href":"https:\/\/www.waldkindergarten-beimerstetten.de\/index.php?rest_route=\/wp\/v2\/users\/1"}],"replies":[{"embeddable":true,"href":"https:\/\/www.waldkindergarten-beimerstetten.de\/index.php?rest_route=%2Fwp%2Fv2%2Fcomments&post=76"}],"version-history":[{"count":51,"href":"https:\/\/www.waldkindergarten-beimerstetten.de\/index.php?rest_route=\/wp\/v2\/pages\/76\/revisions"}],"predecessor-version":[{"id":1561,"href":"https:\/\/www.waldkindergarten-beimerstetten.de\/index.php?rest_route=\/wp\/v2\/pages\/76\/revisions\/1561"}],"wp:attachment":[{"href":"https:\/\/www.waldkindergarten-beimerstetten.de\/index.php?rest_route=%2Fwp%2Fv2%2Fmedia&parent=76"}],"curies":[{"name":"wp","href":"https:\/\/api.w.org\/{rel}","templated":true}]}}