{"id":346,"date":"2013-12-07T16:47:50","date_gmt":"2013-12-07T15:47:50","guid":{"rendered":"http:\/\/www.waldkindergarten-beimerstetten.de\/?page_id=346"},"modified":"2024-03-18T10:24:46","modified_gmt":"2024-03-18T09:24:46","slug":"termine-krabbel","status":"publish","type":"page","link":"https:\/\/www.waldkindergarten-beimerstetten.de\/?page_id=346","title":{"rendered":"Waldspielegruppe"},"content":{"rendered":"<p><img loading=\"lazy\" decoding=\"async\" class=\"alignright wp-image-770\" src=\"http:\/\/www.waldkindergarten-beimerstetten.de\/wp-content\/uploads\/2013\/12\/Logo-Spielegruppe-Wald.jpg\" alt=\"\" width=\"116\" height=\"74\"><\/p> <p><strong>Liebe Familien aufgepasst!<\/strong><\/p> <hr> <h4>&nbsp;<\/h4> <h4>Wer?<\/h4> <p>Wir sind eine offene Waldspielgruppe des Waldkinderkindergartens Buntspechte aus Beimerstetten, die sich \u00fcber jede neue Familie freut. Es gibt keine Altersbeschr\u00e4nkung und die Altersmischung bietet einen Schatz an vielf\u00e4ltigen sozialen Beziehungen und Spielpartnern. Schon f\u00fcr die Allerkleinsten ist der Waldboden eine bereichernde Erg\u00e4nzung zur Krabbeldecke. Wir treffen uns am Gel\u00e4nde des Waldkindergartens Buntspechte (<a href=\"https:\/\/goo.gl\/maps\/CYBGev3bSbxvDhc67\">https:\/\/goo.gl\/maps\/CYBGev3bSbxvDhc67<\/a>). Die Autos parken wir am Wegesrand, wo es in den Wald hineingeht (<a href=\"https:\/\/goo.gl\/maps\/Z5WS9iExLppY3LVy5\">https:\/\/goo.gl\/maps\/Z5WS9iExLppY3LVy5<\/a>).<\/p> <h4>Wann?<\/h4> <p>Aktuell treffen wir uns einmal im Monat Freitagnachmittags von 15.30 &#8211; 17 Uhr.<\/p> <p>Die Termine, sowie aktuellen Themen kannst du jeder Zeit auf der Homepage <a href=\"http:\/\/www.waldkindergarten-beimerstetten.de\/\">www.waldkindergarten-beimerstetten.de<\/a> einsehen.<\/p> <h4>Was?:<\/h4> <p>Wenn alle Familien eingetroffen sind, singen wir ein Begr\u00fc\u00dfungslied und im Anschluss ein Lied, das auf die aktuelle Jahreszeit abgestimmt ist.<\/p> <p>Danach gibt es ein Angebot zum aktuellen Thema und es kann nach Herzenslust freigespielt werden. Es ist Zeit f\u00fcr das freie Erkunden des Waldes und die Nutzung der vorhandenen Spielm\u00f6glichkeiten. Die Kinder k\u00f6nnen mit all ihren Sinnen auf Entdeckungstour gehen, Kontakte mit anderen kn\u00fcpfen, mit St\u00f6cken graben, auf H\u00fcgel klettern, mit Steinen klopfen, Sch\u00e4tze sammeln, in der Spielk\u00fcche kochen, im Sand bauen, auf Baumst\u00e4mmen balancieren oder einfach den Stimmen des Waldes horchen. Dabei werden sie von den Eltern oder Oma und Opa begleitet und unterst\u00fctzt.<\/p> <p>Zum Abschluss verabschieden wir uns mit einem Lied.<\/p> <p>Auch besondere Anl\u00e4sse Ostern, Martinsumz\u00fcge oder Weihnachten werden in der Regel aufgegriffen. In der k\u00e4lteren Jahreszeit nutzen wir gerne die Feuerstelle, um uns an einem gem\u00fctlichen Lagerfeuer zu w\u00e4rmen.<\/p> <hr> <h4>Tipp:<\/h4> <p>Folgendes hat sich bereits im Wald bew\u00e4hrt:<br \/> Kleinigkeiten zum Essen, Trinkflasche, Sitzunterlagen, Decke zum Ablegen f\u00fcr die Kleinsten, wetterfeste Kleidung, Kopfbedeckung, ggf. Sonnenschutz\/Zeckenschutz, geschlossenes Schuhwerk<\/p> <p>Auf dem Gel\u00e4nde befindet sich eine Komposttoilette die w\u00e4hrend der Zeit genutzt werden kann.<\/p> <hr> <h4>Weitere Informationen:<\/h4> <p><strong>Haben wir euer Interesse geweckt ?<\/strong> Dann w\u00fcrden wir uns freuen euch im Wald begr\u00fc\u00dfen zu d\u00fcrfen! Meldet euch bitte per Email bei Melina an. Sie meldet sich dann bei euch und informiert euch bez\u00fcglich \u00c4nderungen.<\/p> <p><strong>Euch hat es bei uns beim ersten mal gefallen und ihr habt Lust an weiteren Terminen teilzunehmen?<\/strong><\/p> <p>Da wir ein Verein sind und das Treffen auf dem Vereinsgel\u00e4nde stattfindet ist es aus versicherungstechnischen Gr\u00fcnden notwendig, dass ihr euch als Mitglied bei uns anmeldet ( Kosten 30\u20ac pro Jahr ). Daf\u00fcr entstehen euch bei der Veranstaltung keine Kosten bzgl. der Materialien.<\/p> <h4>Aktuelle Ansprechpartner*innen:<\/h4> <p>Melina Kemnitz, melina.kemnitz@web.de<\/p> ","protected":false},"excerpt":{"rendered":"<p>Liebe Familien aufgepasst! &nbsp; Wer? Wir sind eine offene Waldspielgruppe des Waldkinderkindergartens Buntspechte aus Beimerstetten, die sich \u00fcber jede neue Familie freut. Es gibt keine Altersbeschr\u00e4nkung und die Altersmischung bietet einen Schatz an vielf\u00e4ltigen sozialen Beziehungen und Spielpartnern. Schon f\u00fcr die Allerkleinsten ist der Waldboden eine bereichernde Erg\u00e4nzung zur Krabbeldecke. Wir treffen uns am Gel\u00e4nde [&hellip;]<\/p>\n","protected":false},"author":1,"featured_media":0,"parent":0,"menu_order":0,"comment_status":"closed","ping_status":"closed","template":"","meta":{"ngg_post_thumbnail":0,"footnotes":""},"class_list":["post-346","page","type-page","status-publish","hentry"],"aioseo_notices":[],"_links":{"self":[{"href":"https:\/\/www.waldkindergarten-beimerstetten.de\/index.php?rest_route=\/wp\/v2\/pages\/346","targetHints":{"allow":["GET"]}}],"collection":[{"href":"https:\/\/www.waldkindergarten-beimerstetten.de\/index.php?rest_route=\/wp\/v2\/pages"}],"about":[{"href":"https:\/\/www.waldkindergarten-beimerstetten.de\/index.php?rest_route=\/wp\/v2\/types\/page"}],"author":[{"embeddable":true,"href":"https:\/\/www.waldkindergarten-beimerstetten.de\/index.php?rest_route=\/wp\/v2\/users\/1"}],"replies":[{"embeddable":true,"href":"https:\/\/www.waldkindergarten-beimerstetten.de\/index.php?rest_route=%2Fwp%2Fv2%2Fcomments&post=346"}],"version-history":[{"count":46,"href":"https:\/\/www.waldkindergarten-beimerstetten.de\/index.php?rest_route=\/wp\/v2\/pages\/346\/revisions"}],"predecessor-version":[{"id":1509,"href":"https:\/\/www.waldkindergarten-beimerstetten.de\/index.php?rest_route=\/wp\/v2\/pages\/346\/revisions\/1509"}],"wp:attachment":[{"href":"https:\/\/www.waldkindergarten-beimerstetten.de\/index.php?rest_route=%2Fwp%2Fv2%2Fmedia&parent=346"}],"curies":[{"name":"wp","href":"https:\/\/api.w.org\/{rel}","templated":true}]}}