{"id":274,"date":"2013-11-08T10:08:20","date_gmt":"2013-11-08T09:08:20","guid":{"rendered":"http:\/\/www.waldkindergarten-beimerstetten.de\/?page_id=274"},"modified":"2023-04-13T13:01:27","modified_gmt":"2023-04-13T11:01:27","slug":"paedagogik-und-wald","status":"publish","type":"page","link":"https:\/\/www.waldkindergarten-beimerstetten.de\/?page_id=274","title":{"rendered":"P\u00e4dagogik &#038; Wald"},"content":{"rendered":"<h2><strong>Waldkindergarten bedeutet Abwechslung und Vielfalt<\/strong><\/h2> <p>Der wesentliche Unterschied unseres Waldkindergarten gegen\u00fcber einem normalen Kindergarten ist, dass sich &#8222;Waldkinder&#8220; weit \u00fcberwiegend in der Natur aufhalten und vorwiegend mit den Dingen spielen, die sie im Wald, auf dem Feld oder in der Natur vorfinden. Nur bei besonders schlechten Wetter bietet unser Bauwagen Unterschlupf zum Geschichten Erz\u00e4hlen, Malen, Basteln und Fr\u00fchst\u00fccken.<\/p> <p>Schon aus den &#8222;nat\u00fcrlichen&#8220; Lernsituationen im Wald ergeben sich einige Herausforderungen und einzigartige M\u00f6glichkeiten.<\/p> <p>Durch nat\u00fcrliche, differenzierte, lustvolle Bewegungsanl\u00e4sse und -m\u00f6glichkeiten wird zun\u00e4chst einmal die Grob- und Feinmotorik gef\u00f6rdert. Den Kindern wird die Gelegenheit gegeben, die Grenzen ihrer eigenen K\u00f6rperlichkeit zu erfahren. Sie erfahren Stille und sollen f\u00fcr das gesprochene Wort sensibilisiert werden. Gelernt werden soll dabei ganzheitlich, d.h. mit allen Sinnen, mit dem K\u00f6rper und alle Ebenen der Wahrnehmung ansprechend.<\/p> <p>Mit dem Wald als Spiel- und Aufenthaltsort werden auch Lernziele verkn\u00fcpft: Das Erleben der Pflanzen und Tiere in ihren urspr\u00fcnglichen Lebensr\u00e4umen und der jahreszeitlichen Rhythmen und Naturerscheinungen, die Sensibilisierung f\u00fcr \u00f6kologische Zusammenh\u00e4nge und Vernetzungen sowie die Wertsch\u00e4tzung der Lebensgemeinschaft Wald und des Lebens sind Lern- und Erfahrungsziele der Waldkinderg\u00e4rten.<\/p> <p><strong>Die Natur erleben und t\u00e4glich auf kleine Abenteuerreisen gehen<\/strong> \u2013 der Waldkindergarten &#8222;Buntspechte&#8220; in Beimerstetten bietet Ihren Kindern die M\u00f6glichkeit, die Natur in all ihrer Einzigartigkeit und Sch\u00f6nheit kennenzulernen.<\/p> <p><strong>Im Waldkindergarten ist kein Tag wie der andere.<br \/> <\/strong>Bei uns k\u00f6nnen Kinder die Vielfalt der Natur entdecken und ihre eigenen Grenzen erproben, dabei erkunden Sie die Umwelt und erleben kleine und gro\u00dfe Abenteuer in der Gruppe.<\/p> <p><strong>Dabei sind die Kinder an der frischen Luft.<\/strong><br \/> Keine T\u00fcren, keine W\u00e4nde, kein L\u00e4rm, keine Reiz\u00fcberflutung \u2013 in der freien Natur finden Kinder alles, um ihre ganzheitliche Entwicklung zu f\u00f6rdern. Bei schlechtem Wetter steht uns ein warmer Bauwagen zur Verf\u00fcgung.<\/p> <p><strong>Spielend lernen im Wald und die N\u00e4he zur Natur erleben.<\/strong><br \/> Wir verbringen das ganze Jahr mit den Kindern im Gr\u00fcnen. Die Erfahrungen dabei sind unvergesslich \u2013 sowohl f\u00fcr die Kinder als auch f\u00fcr uns Erzieherinnen. Jeden Tag kommt etwas Neues hinzu.<\/p> <p><strong>Begreifen mit der Natur<\/strong><br \/> Wir wandern, werken, forschen, spielen und machen regelm\u00e4\u00dfig\u00a0 Exkursionen zum Bauernhof, ins Theater und vieles mehr.<\/p> <p><strong>Einfach Kind-Sein<\/strong><br \/> Platz f\u00fcr kleine Zwergenh\u00e4user und gro\u00dfe Ideen. Einer Schnecke beim Kriechen zuschauen oder einem Schmetterling hinterher rennen.<\/p> <p><strong>Forschen mit allen Sinnen<\/strong><br \/> Den Wald nach dem Regen riechen und die ersten Knospen und K\u00e4fer im Fr\u00fchling entdecken. Baumringe z\u00e4hlen oder morsches Holz zerhacken.<\/p> <p><strong>Natur wahrnehmen und sch\u00e4tzen lernen<\/strong><br \/> Mit der Becherlupe auf Raupenjagd gehen. B\u00e4ume verarzten. Wie der duftet der Holunder!<\/p> <p><strong>Kr\u00e4fte und Grenzen wahrnehmen und erproben<\/strong><br \/> Schwere Baumst\u00e4mme gemeinsam ziehen. Das Brennen der Nesseln sp\u00fcren. Pf\u00fctzen leer h\u00fcpfen.<\/p> <p><strong>Kommunikation<\/strong><br \/> Beispiel Matsch: 1-2-3 Matschebrei. Aus welchem Matsch werden die besten Kn\u00f6del? Matschkleber\u2026 All dies muss gekl\u00e4rt sein.<\/p> <p><strong>In unserer kleinen Gruppe kommen die Kinder ganz gro\u00df raus: einander zuh\u00f6ren, helfen und auch miteinander streiten. Alles findet hier seinen Platz.<\/strong><\/p> <h2>EMIL \u2013 Emotionen regulieren lernen<\/h2> <p>Unser Waldkindergarten hat 2017 erfolgreich an der Qualifizierung<br \/> \u201eEMIL \u2013 Emotionen regulieren lernen\u201c teilgenommen.<br \/> <a href=\"http:\/\/www.waldkindergarten-beimerstetten.de\/wp-content\/uploads\/2017\/06\/WaKiGa-Emil-Zertifikat.pdf\" target=\"_blank\" rel=\"noopener\">WaKiGa-EMIL Zertifikat<\/a><\/p> <h2>Weitere Informationen<\/h2> <p>Das ausf\u00fchrliche Konzept zum Waldkindergarten finden Sie in unserer<br \/> <strong><a href=\"http:\/\/www.waldkindergarten-beimerstetten.de\/wp-content\/uploads\/2023\/03\/Konzeption_waldkiga_feb_2022.pdf\">Konzeption.<\/a><\/strong><\/p> <p><strong>Sollten Sie weitere Fragen zu unserem Angebot haben, k\u00f6nnen Sie uns gerne unter <a title=\"waldkiga.beimerstetten@yahoo.de\" href=\"mailto:waldkiga.beimerstetten@yahoo.de\">waldkiga.beimerstetten@yahoo.de<\/a>\u00a0kontaktieren.<\/strong><\/p> ","protected":false},"excerpt":{"rendered":"<p>Waldkindergarten bedeutet Abwechslung und Vielfalt Der wesentliche Unterschied unseres Waldkindergarten gegen\u00fcber einem normalen Kindergarten ist, dass sich &#8222;Waldkinder&#8220; weit \u00fcberwiegend in der Natur aufhalten und vorwiegend mit den Dingen spielen, die sie im Wald, auf dem Feld oder in der Natur vorfinden. Nur bei besonders schlechten Wetter bietet unser Bauwagen Unterschlupf zum Geschichten Erz\u00e4hlen, Malen, [&hellip;]<\/p>\n","protected":false},"author":1,"featured_media":0,"parent":0,"menu_order":400,"comment_status":"closed","ping_status":"open","template":"","meta":{"ngg_post_thumbnail":0,"footnotes":""},"class_list":["post-274","page","type-page","status-publish","hentry"],"aioseo_notices":[],"_links":{"self":[{"href":"https:\/\/www.waldkindergarten-beimerstetten.de\/index.php?rest_route=\/wp\/v2\/pages\/274","targetHints":{"allow":["GET"]}}],"collection":[{"href":"https:\/\/www.waldkindergarten-beimerstetten.de\/index.php?rest_route=\/wp\/v2\/pages"}],"about":[{"href":"https:\/\/www.waldkindergarten-beimerstetten.de\/index.php?rest_route=\/wp\/v2\/types\/page"}],"author":[{"embeddable":true,"href":"https:\/\/www.waldkindergarten-beimerstetten.de\/index.php?rest_route=\/wp\/v2\/users\/1"}],"replies":[{"embeddable":true,"href":"https:\/\/www.waldkindergarten-beimerstetten.de\/index.php?rest_route=%2Fwp%2Fv2%2Fcomments&post=274"}],"version-history":[{"count":12,"href":"https:\/\/www.waldkindergarten-beimerstetten.de\/index.php?rest_route=\/wp\/v2\/pages\/274\/revisions"}],"predecessor-version":[{"id":980,"href":"https:\/\/www.waldkindergarten-beimerstetten.de\/index.php?rest_route=\/wp\/v2\/pages\/274\/revisions\/980"}],"wp:attachment":[{"href":"https:\/\/www.waldkindergarten-beimerstetten.de\/index.php?rest_route=%2Fwp%2Fv2%2Fmedia&parent=274"}],"curies":[{"name":"wp","href":"https:\/\/api.w.org\/{rel}","templated":true}]}}