{"id":12,"date":"2013-03-09T15:47:46","date_gmt":"2013-03-09T13:47:46","guid":{"rendered":"http:\/\/www.waldkindergarten-beimerstetten.de\/wordpress\/?page_id=12"},"modified":"2025-11-19T20:49:31","modified_gmt":"2025-11-19T19:49:31","slug":"startseite","status":"publish","type":"page","link":"https:\/\/www.waldkindergarten-beimerstetten.de\/","title":{"rendered":"Herzlich Willkommen im Waldkindergarten \u201eBuntspechte\u201c!"},"content":{"rendered":"<div class=\"wp-block-image\"> <figure class=\"alignright size-full is-resized\"><img loading=\"lazy\" decoding=\"async\" width=\"500\" height=\"500\" src=\"https:\/\/www.waldkindergarten-beimerstetten.de\/wp-content\/uploads\/logo-2.jpeg\" alt=\"\" class=\"wp-image-1566\" style=\"width:167px;height:auto\" srcset=\"https:\/\/www.waldkindergarten-beimerstetten.de\/wp-content\/uploads\/logo-2.jpeg 500w, https:\/\/www.waldkindergarten-beimerstetten.de\/wp-content\/uploads\/logo-2-300x300.jpeg 300w, https:\/\/www.waldkindergarten-beimerstetten.de\/wp-content\/uploads\/logo-2-150x150.jpeg 150w\" sizes=\"auto, (max-width: 500px) 100vw, 500px\" \/><\/figure><\/div>  <p><strong>Die Natur erleben und t\u00e4glich auf kleine Abenteuerreisen gehen<\/strong>&nbsp;\u2013 der Waldkindergarten \u201eBuntspechte\u201c in Beimerstetten bietet Ihren Kindern die M\u00f6glichkeit, die Natur in all ihrer Einzigartigkeit und Sch\u00f6nheit kennenzulernen. &nbsp;&nbsp;<\/p> <p><strong>Im Waldkindergarten ist kein Tag wie der andere.<\/strong>&nbsp;Bei uns k\u00f6nnen Kinder die Vielfalt der Natur entdecken und ihre eigenen Grenzen erproben, dabei erkunden Sie die Umwelt und erleben kleine und gro\u00dfe Abenteuer in der Gruppe. &nbsp;&nbsp;<\/p> <p><strong>Dabei sind die Kinder an der frischen Luft.<\/strong>&nbsp;Keine T\u00fcren, keine W\u00e4nde, kein L\u00e4rm, keine Reiz\u00fcberflutung \u2013 in der freien Natur finden Kinder alles, um ihre ganzheitliche Entwicklung zu f\u00f6rdern. Bei schlechtem Wetter steht uns ein warmer Bauwagen zur Verf\u00fcgung. &nbsp;&nbsp;<\/p> <p><strong>Spielend lernen im Wald und die N\u00e4he zur Natur erleben.<\/strong>&nbsp;Wir verbringen das ganze Jahr mit den Kindern im Gr\u00fcnen. Die Erfahrungen dabei sind unvergesslich \u2013 sowohl f\u00fcr die Kinder als auch f\u00fcr uns Erzieherinnen. Jeden Tag kommt etwas Neues hinzu. &nbsp;&nbsp;<\/p> <p><strong>Begreifen mit der Natur.<\/strong> Wir wandern, werken, forschen, spielen und machen regelm\u00e4\u00dfig&nbsp; Exkursionen zum Bauernhof, ins Theater und vieles mehr.<\/p> <p><strong>In unserer kleinen Gruppe kommen die Kinder ganz gro\u00df raus: einander zuh\u00f6ren, helfen und auch miteinander streiten. Alles findet hier seinen Platz.<\/strong><\/p> <p>&nbsp;<\/p>   <html>   <head>     <title>Tag der offenen Waldt\u00fcr<\/title>     <script type=\"application\/ld+json\">     {       \"@context\": \"https:\/\/schema.org\",       \"@type\": \"Event\",       \"name\": \"Tag der offenen Waldt\u00fcr\",       \"startDate\": \"2025-05-11T12:00-05:00\",       \"endDate\": \"2025-05-11T17:00-05:00\",       \"eventAttendanceMode\": \"https:\/\/schema.org\/OfflineEventAttendanceMode\",       \"eventStatus\": \"https:\/\/schema.org\/EventScheduled\",        \"location\": {         \"@type\": \"Place\",         \"name\": \"Waldkindergarten Beimerstetten\",         \"address\": {           \"@type\": \"PostalAddress\",           \"streetAddress\": \"K7403\",           \"addressLocality\": \"Beimerstetten\",           \"postalCode\": \"K7403\",           \"addressCountry\": \"DE\"         }       }, \"image\": [         \"https:\/\/www.waldkindergarten-beimerstetten.de\/wp-content\/uploads\/DSC_5557-1024x678.jpg\"        ],       \"description\": \"Am Sonntag, den 11. Mai 2025 von 12 - 17 Uhr k\u00f6nnt ihr euch vor Ort \u00fcber unseren Waldkindergarten informieren. Neben einem Infostand und einem Gl\u00fccksrad, wird es jede Menge f\u00fcr die Kinder zu entdecken geben. Zum Thema - Geheimnisvolles Erdreich - die Welt unter unsern F\u00fc\u00dfen - k\u00f6nnen verschiedene Stationen durchlaufen werden. Es\u00a0wird gef\u00fchlt, gebastelt und erforscht.\u00a0\u00a0  F\u00fcr das leibliche Wohl ist gesorgt. Der Tag der offenen Waldt\u00fcr findet bei jedem Wetter statt.\",       \"organizer\": {         \"@type\": \"Organization\",         \"name\": \"Waldkindergarten Beimerstetten\",         \"url\": \"https:\/\/www.waldkindergarten-beimerstetten.de\/\"       }     }     <\/script>   <\/head>   <body>   <\/body> <\/html> ","protected":false},"excerpt":{"rendered":"<p>Die Natur erleben und t\u00e4glich auf kleine Abenteuerreisen gehen&nbsp;\u2013 der Waldkindergarten \u201eBuntspechte\u201c in Beimerstetten bietet Ihren Kindern die M\u00f6glichkeit, die Natur in all ihrer Einzigartigkeit und Sch\u00f6nheit kennenzulernen. &nbsp;&nbsp; Im Waldkindergarten ist kein Tag wie der andere.&nbsp;Bei uns k\u00f6nnen Kinder die Vielfalt der Natur entdecken und ihre eigenen Grenzen erproben, dabei erkunden Sie die Umwelt [&hellip;]<\/p>\n","protected":false},"author":1,"featured_media":0,"parent":0,"menu_order":1,"comment_status":"closed","ping_status":"open","template":"","meta":{"ngg_post_thumbnail":0,"footnotes":""},"class_list":["post-12","page","type-page","status-publish","hentry"],"aioseo_notices":[],"_links":{"self":[{"href":"https:\/\/www.waldkindergarten-beimerstetten.de\/index.php?rest_route=\/wp\/v2\/pages\/12","targetHints":{"allow":["GET"]}}],"collection":[{"href":"https:\/\/www.waldkindergarten-beimerstetten.de\/index.php?rest_route=\/wp\/v2\/pages"}],"about":[{"href":"https:\/\/www.waldkindergarten-beimerstetten.de\/index.php?rest_route=\/wp\/v2\/types\/page"}],"author":[{"embeddable":true,"href":"https:\/\/www.waldkindergarten-beimerstetten.de\/index.php?rest_route=\/wp\/v2\/users\/1"}],"replies":[{"embeddable":true,"href":"https:\/\/www.waldkindergarten-beimerstetten.de\/index.php?rest_route=%2Fwp%2Fv2%2Fcomments&post=12"}],"version-history":[{"count":68,"href":"https:\/\/www.waldkindergarten-beimerstetten.de\/index.php?rest_route=\/wp\/v2\/pages\/12\/revisions"}],"predecessor-version":[{"id":1569,"href":"https:\/\/www.waldkindergarten-beimerstetten.de\/index.php?rest_route=\/wp\/v2\/pages\/12\/revisions\/1569"}],"wp:attachment":[{"href":"https:\/\/www.waldkindergarten-beimerstetten.de\/index.php?rest_route=%2Fwp%2Fv2%2Fmedia&parent=12"}],"curies":[{"name":"wp","href":"https:\/\/api.w.org\/{rel}","templated":true}]}}